{"id":113,"date":"2017-06-02T15:13:32","date_gmt":"2017-06-02T14:13:32","guid":{"rendered":"https:\/\/alinepointet.wordpress.com\/?page_id=113"},"modified":"2025-03-04T19:24:07","modified_gmt":"2025-03-04T19:24:07","slug":"cours-de-massage-pour-bebe","status":"publish","type":"page","link":"https:\/\/aline.pointet.net\/?page_id=113","title":{"rendered":"Cours de massage b\u00e9b\u00e9"},"content":{"rendered":"<p><img loading=\"lazy\" decoding=\"async\" class=\"alignnone wp-image-394\" src=\"https:\/\/aline.pointet.net\/wp-content\/uploads\/2017\/06\/image-iaim2-300x200.jpg\" alt=\"\" width=\"303\" height=\"202\" srcset=\"https:\/\/aline.pointet.net\/wp-content\/uploads\/2017\/06\/image-iaim2-300x200.jpg 300w, https:\/\/aline.pointet.net\/wp-content\/uploads\/2017\/06\/image-iaim2-768x511.jpg 768w, https:\/\/aline.pointet.net\/wp-content\/uploads\/2017\/06\/image-iaim2.jpg 1000w\" sizes=\"(max-width: 303px) 100vw, 303px\" \/><\/p>\n<h3>Cours individuel ou de groupe<\/h3>\n<p>*Je suis certifi\u00e9e par l&#8217;Association Internationale en Massage pour b\u00e9b\u00e9.*<br \/>*Je suis \u00e9galement membre de l&#8217;Association Suisse en Massage b\u00e9b\u00e9. *<\/p>\n<p><img loading=\"lazy\" decoding=\"async\" class=\"alignnone size-medium wp-image-398\" src=\"https:\/\/aline.pointet.net\/wp-content\/uploads\/2017\/06\/logo-300x45.jpg\" alt=\"\" width=\"300\" height=\"45\" \/><\/p>\n<p><strong>Programme<\/strong><\/p>\n<ul>\n<li>Se base sur le concept de relation respectueuse.<\/li>\n<li>S&#8217;inspire du massage indien, du massage su\u00e9dois, de la r\u00e9flexologie et du yoga.<\/li>\n<li>Ce cours est ouvert aux maman(s) et\/ou papa(s)<\/li>\n<li>Le b\u00e9b\u00e9 dot \u00eatre \u00e2g\u00e9 entre 0 et 12 mois.<\/li>\n<li>Ce cours permet d&#8217;apprendre \u00e0 masser son b\u00e9b\u00e9 et \u00e0 acqu\u00e9rir diverses connaissances th\u00e9oriques utiles pour accompagner dans l&#8217;aventure d&#8217;\u00eatre parent. L&#8217;\u00e9change avec les autres parents\/formatrice est \u00e9galement un aspect important du programme.<\/li>\n<li>Seul le parent est habilit\u00e9 \u00e0 toucher son b\u00e9b\u00e9 (j&#8217;utilise une poup\u00e9e de d\u00e9monstration).<\/li>\n<li>Les besoins de votre b\u00e9b\u00e9 (manger, pleurer, etc.) sont respect\u00e9s et accueillis enti\u00e8rement.<\/li>\n<\/ul>\n<p class=\"font_7\"><strong>Bienfaits du massage<\/strong><\/p>\n<p class=\"font_7\">Ils peuvent \u00eatre tr\u00e8s nombreux. Pour en citer quelques uns:<\/p>\n<ul>\n<li class=\"font_7\">Pour le b\u00e9b\u00e9: sentiment de confiance et d&#8217;amour, apprentissage de la d\u00e9tente, am\u00e9lioration du sommeil, soulagement de maux (gaz, coliques) et soutien dans le d\u00e9veloppement psychomoteur.<\/li>\n<li class=\"font_7\">Pour le parent: renforcement du lien d\u2019attachement, sentiment de confiance dans ses comp\u00e9tences de parent et partage d&#8217;un moment de proximit\u00e9 avec son enfant.<\/li>\n<\/ul>\n<p class=\"font_7\">\u00a0<strong>D\u00e9roulement des cours<\/strong><\/p>\n<ul>\n<li>Le cours de groupe se d\u00e9roule en 5 s\u00e9ances de 60-75minutes.<\/li>\n<li>Le cours priv\u00e9 se d\u00e9roule en 3 s\u00e9ances de 60-75 minutes.<\/li>\n<\/ul>\n<p><strong>Prix<\/strong><\/p>\n<ul>\n<li>Le cours de groupe: 150.-\u00a0 ou 125.- (si pas de prise en charge de l&#8217;assurance du b\u00e9b\u00e9)<\/li>\n<li>Le cours priv\u00e9: 320.- ou\u00a0 300.- (si pas de prise en charge de l&#8217;assurance)<\/li>\n<\/ul>\n<p>* Nous encourageons les parents \u00e0 regarder avec l&#8217;assurance compl\u00e9mentaire du b\u00e9b\u00e9 si un remboursement peut \u00eatre demand\u00e9.<\/p>\n<p><strong>Prochain cours de groupe :<\/strong><\/p>\n<p>Aucun pr\u00e9vu pour le moment.\u00a0<\/p>\n<div class=\"x11i5rnm xat24cr x1mh8g0r x1vvkbs xtlvy1s x126k92a\">\n<div dir=\"auto\"><strong>Lieu: <\/strong>Foyer Notre Dame \u00e0 2852 Court\u00e9telle<\/div>\n<\/div>\n<div data-contents=\"true\">\n<div dir=\"auto\">\n<div class=\"_1mf _1mj\" data-offset-key=\"3pf1d-0-0\">\n<p><strong>Inscriptions : <\/strong>Ecrire un message (aline@pointet.net) ou m\u2019\u00e9crire un WhatApp ou me t\u00e9l\u00e9phoner au 076.406.20.20<\/p>\n<\/div>\n<\/div>\n<\/div>\n<p><strong>Prochain cours individuel :<\/strong><\/p>\n<p class=\"_1mf _1mj\" data-offset-key=\"1subk-0-0\">Quand vous le voulez.<\/p>\n<p class=\"_1mf _1mj\" data-offset-key=\"1subk-0-0\">Au centre th\u00e9rapeutique, rue de l&#8217;avenir 1, 2852 Court\u00e9telle<\/p>\n<div data-contents=\"true\">\n<div class=\"\" data-block=\"true\" data-editor=\"12pv8\" data-offset-key=\"cp134-0-0\">\n<h3 class=\"_1mf _1mj\" data-offset-key=\"cp134-0-0\"><span data-offset-key=\"cp134-0-0\">\u00a0<\/span><\/h3>\n<\/div>\n<p><strong>Pour plus d&#8217;infos sur les massages b\u00e9b\u00e9, c&#8217;est par <a href=\"http:\/\/www.iaim.ch\">ici<\/a>.<\/strong><\/p>\n<\/div>\n<p><img loading=\"lazy\" decoding=\"async\" class=\"alignnone size-medium wp-image-398\" src=\"https:\/\/aline.pointet.net\/wp-content\/uploads\/2017\/06\/logo-300x45.jpg\" alt=\"\" width=\"300\" height=\"45\" \/><\/p>\n\n\n<p><\/p>\n","protected":false},"excerpt":{"rendered":"<p>Cours individuel ou de groupe *Je suis certifi\u00e9e par l&#8217;Association Internationale en Massage pour b\u00e9b\u00e9.**Je suis \u00e9galement membre de l&#8217;Association Suisse en Massage b\u00e9b\u00e9. * Programme Se base sur le concept de relation respectueuse. S&#8217;inspire du massage indien, du massage su\u00e9dois, de la r\u00e9flexologie et du yoga. Ce cours est ouvert aux maman(s) et\/ou papa(s)&hellip; <a href=\"https:\/\/aline.pointet.net\/?page_id=113\" class=\"more-link\">Lire la suite <span class=\"screen-reader-text\">Cours de massage b\u00e9b\u00e9<\/span><\/a><\/p>\n","protected":false},"author":1,"featured_media":0,"parent":0,"menu_order":0,"comment_status":"closed","ping_status":"closed","template":"","meta":{"footnotes":""},"_links":{"self":[{"href":"https:\/\/aline.pointet.net\/index.php?rest_route=\/wp\/v2\/pages\/113"}],"collection":[{"href":"https:\/\/aline.pointet.net\/index.php?rest_route=\/wp\/v2\/pages"}],"about":[{"href":"https:\/\/aline.pointet.net\/index.php?rest_route=\/wp\/v2\/types\/page"}],"author":[{"embeddable":true,"href":"https:\/\/aline.pointet.net\/index.php?rest_route=\/wp\/v2\/users\/1"}],"replies":[{"embeddable":true,"href":"https:\/\/aline.pointet.net\/index.php?rest_route=%2Fwp%2Fv2%2Fcomments&post=113"}],"version-history":[{"count":44,"href":"https:\/\/aline.pointet.net\/index.php?rest_route=\/wp\/v2\/pages\/113\/revisions"}],"predecessor-version":[{"id":952,"href":"https:\/\/aline.pointet.net\/index.php?rest_route=\/wp\/v2\/pages\/113\/revisions\/952"}],"wp:attachment":[{"href":"https:\/\/aline.pointet.net\/index.php?rest_route=%2Fwp%2Fv2%2Fmedia&parent=113"}],"curies":[{"name":"wp","href":"https:\/\/api.w.org\/{rel}","templated":true}]}}