{"id":173,"date":"2017-06-02T15:34:59","date_gmt":"2017-06-02T14:34:59","guid":{"rendered":"https:\/\/alinepointet.wordpress.com\/?page_id=173"},"modified":"2026-04-15T07:42:03","modified_gmt":"2026-04-15T07:42:03","slug":"cercles-de-femmes","status":"publish","type":"page","link":"https:\/\/aline.pointet.net\/?page_id=173","title":{"rendered":"Cercles de femmes"},"content":{"rendered":"\n<figure class=\"wp-block-image size-full is-resized\"><img loading=\"lazy\" decoding=\"async\" width=\"675\" height=\"960\" src=\"https:\/\/aline.pointet.net\/wp-content\/uploads\/2017\/06\/cercle.jpg\" alt=\"\" class=\"wp-image-174\" style=\"width:515px;height:auto\" srcset=\"https:\/\/aline.pointet.net\/wp-content\/uploads\/2017\/06\/cercle.jpg 675w, https:\/\/aline.pointet.net\/wp-content\/uploads\/2017\/06\/cercle-211x300.jpg 211w\" sizes=\"(max-width: 675px) 100vw, 675px\" \/><figcaption class=\"wp-element-caption\">&#8220;Femme m\u00e9decine&#8221;, peinture de Caroline Mani\u00e8re.<\/figcaption><\/figure>\n\n\n\n<p class=\"has-text-align-left\">Dans de nombreuses traditions, des femmes se sont rencontr\u00e9es pour c\u00e9l\u00e9brer et honorer leur f\u00e9minit\u00e9. Les cercles de femme s&#8217;inspirent de tels rassemblements. Ils permettent aux femmes de se retrouver entre elles, de travailler des th\u00e8mes qui les touchent et de se reconnecter \u00e0 l&#8217;Essence de leur F\u00e9minin.<\/p>\n\n\n\n<p class=\"has-text-align-left\">Il s&#8217;agit avant tout d&#8217;un moment de partage o\u00f9 il est possible d&#8217;entrer en r\u00e9sonance avec d&#8217;autres femmes. Un partage qui passe par le chant, la danse, la parole et tout ce qui nous permet de nous ramener au coeur de nous-m\u00eame.<\/p>\n\n\n\n<p class=\"has-heading-font-family has-small-font-size\" style=\"writing-mode:horizontal-tb\"><\/p>\n\n\n\n<h2 class=\"wp-block-heading\">Prochain cercle de femmes <\/h2>\n\n\n\n<figure class=\"wp-block-image size-full is-resized\"><img decoding=\"async\" src=\"https:\/\/aline.pointet.net\/wp-content\/uploads\/2024\/02\/IMG_20240207_085951881.jpg\" alt=\"\" class=\"wp-image-768\" style=\"width:335px;height:auto\"\/><\/figure>\n\n\n\n<p><\/p>\n\n\n\n<p class=\"has-blush-light-purple-gradient-background has-background\">Mercredi 13 mai 2026. Foyer Notre Dame, Court\u00e9telle.<\/p>\n\n\n\n<p class=\"has-blush-light-purple-gradient-background has-background\">Th\u00e8me : &#8220;Ascencion&#8221;. Un moment cocooning entre femmes en lien avec la m\u00e9decine du cacao.  Pour plus d&#8217;infos sur le travail du cacao, c&#8217;est par <a href=\"https:\/\/aline.pointet.net\/?page_id=837\">ici.<\/a><\/p>\n\n\n\n<figure class=\"wp-block-gallery has-nested-images columns-default is-cropped wp-block-gallery-1 is-layout-flex wp-block-gallery-is-layout-flex\">\n<figure class=\"wp-block-image size-large\"><img loading=\"lazy\" decoding=\"async\" width=\"724\" height=\"1024\" data-id=\"1045\" src=\"https:\/\/aline.pointet.net\/wp-content\/uploads\/2026\/04\/Ascencion-2-724x1024.png\" alt=\"\" class=\"wp-image-1045\" srcset=\"https:\/\/aline.pointet.net\/wp-content\/uploads\/2026\/04\/Ascencion-2-724x1024.png 724w, https:\/\/aline.pointet.net\/wp-content\/uploads\/2026\/04\/Ascencion-2-212x300.png 212w, https:\/\/aline.pointet.net\/wp-content\/uploads\/2026\/04\/Ascencion-2-768x1086.png 768w, https:\/\/aline.pointet.net\/wp-content\/uploads\/2026\/04\/Ascencion-2-1086x1536.png 1086w, https:\/\/aline.pointet.net\/wp-content\/uploads\/2026\/04\/Ascencion-2.png 1414w\" sizes=\"(max-width: 724px) 100vw, 724px\" \/><\/figure>\n<\/figure>\n","protected":false},"excerpt":{"rendered":"<p>Dans de nombreuses traditions, des femmes se sont rencontr\u00e9es pour c\u00e9l\u00e9brer et honorer leur f\u00e9minit\u00e9. Les cercles de femme s&#8217;inspirent de tels rassemblements. Ils permettent aux femmes de se retrouver entre elles, de travailler des th\u00e8mes qui les touchent et de se reconnecter \u00e0 l&#8217;Essence de leur F\u00e9minin. Il s&#8217;agit avant tout d&#8217;un moment de&hellip; <a href=\"https:\/\/aline.pointet.net\/?page_id=173\" class=\"more-link\">Lire la suite <span class=\"screen-reader-text\">Cercles de femmes<\/span><\/a><\/p>\n","protected":false},"author":1,"featured_media":0,"parent":0,"menu_order":0,"comment_status":"closed","ping_status":"closed","template":"","meta":{"footnotes":""},"_links":{"self":[{"href":"https:\/\/aline.pointet.net\/index.php?rest_route=\/wp\/v2\/pages\/173"}],"collection":[{"href":"https:\/\/aline.pointet.net\/index.php?rest_route=\/wp\/v2\/pages"}],"about":[{"href":"https:\/\/aline.pointet.net\/index.php?rest_route=\/wp\/v2\/types\/page"}],"author":[{"embeddable":true,"href":"https:\/\/aline.pointet.net\/index.php?rest_route=\/wp\/v2\/users\/1"}],"replies":[{"embeddable":true,"href":"https:\/\/aline.pointet.net\/index.php?rest_route=%2Fwp%2Fv2%2Fcomments&post=173"}],"version-history":[{"count":53,"href":"https:\/\/aline.pointet.net\/index.php?rest_route=\/wp\/v2\/pages\/173\/revisions"}],"predecessor-version":[{"id":1047,"href":"https:\/\/aline.pointet.net\/index.php?rest_route=\/wp\/v2\/pages\/173\/revisions\/1047"}],"wp:attachment":[{"href":"https:\/\/aline.pointet.net\/index.php?rest_route=%2Fwp%2Fv2%2Fmedia&parent=173"}],"curies":[{"name":"wp","href":"https:\/\/api.w.org\/{rel}","templated":true}]}}