{"id":224,"date":"2017-06-05T15:51:38","date_gmt":"2017-06-05T15:51:38","guid":{"rendered":"http:\/\/aline.pointet.net\/?page_id=224"},"modified":"2026-01-05T12:10:30","modified_gmt":"2026-01-05T12:10:30","slug":"massage-aux-pierres-chaudes","status":"publish","type":"page","link":"https:\/\/aline.pointet.net\/?page_id=224","title":{"rendered":"Massage aux pierres chaudes"},"content":{"rendered":"<p class=\"western\">\n<p class=\"western\">Vous avez envie de vous offrir un massage particulier? Au coeur de ce massage se trouvent des pierres volcaniques chaudes. Elles seront utilis\u00e9es pour vous masser et seront parfois d\u00e9pos\u00e9es l&#8217;espace d&#8217;un instant sur certaines parties de votre corps. L&#8217;union entre la force \u00e9nerg\u00e9tique des pierres, leur chaleur et leur douceur permettent d&#8217;atteindre une relaxation profonde et de d\u00e9nouer particuli\u00e8rement les tensions. De plus, le massage aux pierres chaudes n&#8217;est pas un simple massage. D&#8217;aspiration am\u00e9rindienne, il peut r\u00e9-\u00e9quilibrer les \u00e9nergies et les chakras dans certains cas.<\/p>\n<p class=\"western\">Tarif<\/p>\n<p class=\"western\">75 minutes: 150.-<\/p>\n<p class=\"western\"><em><i>Mes soins peuvent \u00eatre rembours\u00e9s par les assurances compl\u00e9mentaires<\/i>. Plus d&#8217;info <a href=\"https:\/\/aline.pointet.net\/?page_id=309\">ici.<\/a><\/em><\/p>\n","protected":false},"excerpt":{"rendered":"<p>Vous avez envie de vous offrir un massage particulier? Au coeur de ce massage se trouvent des pierres volcaniques chaudes. Elles seront utilis\u00e9es pour vous masser et seront parfois d\u00e9pos\u00e9es l&#8217;espace d&#8217;un instant sur certaines parties de votre corps. L&#8217;union entre la force \u00e9nerg\u00e9tique des pierres, leur chaleur et leur douceur permettent d&#8217;atteindre une relaxation&hellip; <a href=\"https:\/\/aline.pointet.net\/?page_id=224\" class=\"more-link\">Lire la suite <span class=\"screen-reader-text\">Massage aux pierres chaudes<\/span><\/a><\/p>\n","protected":false},"author":1,"featured_media":0,"parent":0,"menu_order":0,"comment_status":"closed","ping_status":"closed","template":"","meta":{"footnotes":""},"_links":{"self":[{"href":"https:\/\/aline.pointet.net\/index.php?rest_route=\/wp\/v2\/pages\/224"}],"collection":[{"href":"https:\/\/aline.pointet.net\/index.php?rest_route=\/wp\/v2\/pages"}],"about":[{"href":"https:\/\/aline.pointet.net\/index.php?rest_route=\/wp\/v2\/types\/page"}],"author":[{"embeddable":true,"href":"https:\/\/aline.pointet.net\/index.php?rest_route=\/wp\/v2\/users\/1"}],"replies":[{"embeddable":true,"href":"https:\/\/aline.pointet.net\/index.php?rest_route=%2Fwp%2Fv2%2Fcomments&post=224"}],"version-history":[{"count":8,"href":"https:\/\/aline.pointet.net\/index.php?rest_route=\/wp\/v2\/pages\/224\/revisions"}],"predecessor-version":[{"id":1009,"href":"https:\/\/aline.pointet.net\/index.php?rest_route=\/wp\/v2\/pages\/224\/revisions\/1009"}],"wp:attachment":[{"href":"https:\/\/aline.pointet.net\/index.php?rest_route=%2Fwp%2Fv2%2Fmedia&parent=224"}],"curies":[{"name":"wp","href":"https:\/\/api.w.org\/{rel}","templated":true}]}}