{"id":229,"date":"2017-06-05T15:59:19","date_gmt":"2017-06-05T15:59:19","guid":{"rendered":"http:\/\/aline.pointet.net\/?page_id=229"},"modified":"2026-01-05T12:10:55","modified_gmt":"2026-01-05T12:10:55","slug":"massage-gouttes-de-pluie","status":"publish","type":"page","link":"https:\/\/aline.pointet.net\/?page_id=229","title":{"rendered":"Massage aux huiles essentielles"},"content":{"rendered":"<p class=\"western\">S&#8217;inspirant du massage &#8220;Raindrop massage du Dr Gary Young), ce massage combine aromath\u00e9rapie, massage, travail \u00e9nerg\u00e9tique et r\u00e9flexologie. Les m\u00e9langes d&#8217;huiles essentielles cr\u00e9es par le Dr Gary Young seront utilis\u00e9s par le massage, comme d&#8217;autres huiles qui sembleront utiles pour ce moment hors du temps que vous vous offrirez.<\/p>\n<p class=\"western\">Tarif<\/p>\n<p class=\"western\">75mn\u00a0 : 150.-<\/p>\n<p class=\"western\"><i>Mes soins peuvent \u00eatre rembours\u00e9s par les assurances compl\u00e9mentaires. Plus d&#8217;info <\/i><a href=\"https:\/\/aline.pointet.net\/?page_id=309\"><i>ici.<\/i><\/a><\/p>\n<p><span style=\"font-size: small;\"><span style=\"font-size: small;\"><span style=\"font-size: medium;\">\u00a0<\/span><\/span><\/span><\/p>\n","protected":false},"excerpt":{"rendered":"<p>S&#8217;inspirant du massage &#8220;Raindrop massage du Dr Gary Young), ce massage combine aromath\u00e9rapie, massage, travail \u00e9nerg\u00e9tique et r\u00e9flexologie. Les m\u00e9langes d&#8217;huiles essentielles cr\u00e9es par le Dr Gary Young seront utilis\u00e9s par le massage, comme d&#8217;autres huiles qui sembleront utiles pour ce moment hors du temps que vous vous offrirez. Tarif 75mn\u00a0 : 150.- Mes soins&hellip; <a href=\"https:\/\/aline.pointet.net\/?page_id=229\" class=\"more-link\">Lire la suite <span class=\"screen-reader-text\">Massage aux huiles essentielles<\/span><\/a><\/p>\n","protected":false},"author":1,"featured_media":0,"parent":0,"menu_order":0,"comment_status":"closed","ping_status":"closed","template":"","meta":{"footnotes":""},"_links":{"self":[{"href":"https:\/\/aline.pointet.net\/index.php?rest_route=\/wp\/v2\/pages\/229"}],"collection":[{"href":"https:\/\/aline.pointet.net\/index.php?rest_route=\/wp\/v2\/pages"}],"about":[{"href":"https:\/\/aline.pointet.net\/index.php?rest_route=\/wp\/v2\/types\/page"}],"author":[{"embeddable":true,"href":"https:\/\/aline.pointet.net\/index.php?rest_route=\/wp\/v2\/users\/1"}],"replies":[{"embeddable":true,"href":"https:\/\/aline.pointet.net\/index.php?rest_route=%2Fwp%2Fv2%2Fcomments&post=229"}],"version-history":[{"count":7,"href":"https:\/\/aline.pointet.net\/index.php?rest_route=\/wp\/v2\/pages\/229\/revisions"}],"predecessor-version":[{"id":1010,"href":"https:\/\/aline.pointet.net\/index.php?rest_route=\/wp\/v2\/pages\/229\/revisions\/1010"}],"wp:attachment":[{"href":"https:\/\/aline.pointet.net\/index.php?rest_route=%2Fwp%2Fv2%2Fmedia&parent=229"}],"curies":[{"name":"wp","href":"https:\/\/api.w.org\/{rel}","templated":true}]}}