{"id":235,"date":"2017-06-05T16:09:21","date_gmt":"2017-06-05T16:09:21","guid":{"rendered":"http:\/\/aline.pointet.net\/?page_id=235"},"modified":"2026-01-05T12:11:55","modified_gmt":"2026-01-05T12:11:55","slug":"massage-a-la-carte","status":"publish","type":"page","link":"https:\/\/aline.pointet.net\/?page_id=235","title":{"rendered":"Massage et tambour"},"content":{"rendered":"<p><span style=\"font-size: revert;\">Vous vous sentez connect\u00e9-e particuli\u00e8rement au tambour\u00a0<\/span>chamanisme? Ce soin chamanisme est pour vous alors.<\/p>\n<p><span style=\"font-size: revert;\">Je vous propose un soin au tambour, ponctu\u00e9 de chants et de toucher intuitifs.\u00a0<\/span><\/p>\n<p>Possibilit\u00e9 de se rendre en nature pour le r\u00e9aliser au bord de la rivi\u00e8re (avec suppl\u00e9ment de 25.-).<\/p>\n<p>Tarif<\/p>\n<p>60 mn: 126.-<\/p>\n","protected":false},"excerpt":{"rendered":"<p>Vous vous sentez connect\u00e9-e particuli\u00e8rement au tambour\u00a0chamanisme? Ce soin chamanisme est pour vous alors. Je vous propose un soin au tambour, ponctu\u00e9 de chants et de toucher intuitifs.\u00a0 Possibilit\u00e9 de se rendre en nature pour le r\u00e9aliser au bord de la rivi\u00e8re (avec suppl\u00e9ment de 25.-). Tarif 60 mn: 126.-<\/p>\n","protected":false},"author":1,"featured_media":0,"parent":0,"menu_order":0,"comment_status":"closed","ping_status":"closed","template":"","meta":{"footnotes":""},"_links":{"self":[{"href":"https:\/\/aline.pointet.net\/index.php?rest_route=\/wp\/v2\/pages\/235"}],"collection":[{"href":"https:\/\/aline.pointet.net\/index.php?rest_route=\/wp\/v2\/pages"}],"about":[{"href":"https:\/\/aline.pointet.net\/index.php?rest_route=\/wp\/v2\/types\/page"}],"author":[{"embeddable":true,"href":"https:\/\/aline.pointet.net\/index.php?rest_route=\/wp\/v2\/users\/1"}],"replies":[{"embeddable":true,"href":"https:\/\/aline.pointet.net\/index.php?rest_route=%2Fwp%2Fv2%2Fcomments&post=235"}],"version-history":[{"count":6,"href":"https:\/\/aline.pointet.net\/index.php?rest_route=\/wp\/v2\/pages\/235\/revisions"}],"predecessor-version":[{"id":1011,"href":"https:\/\/aline.pointet.net\/index.php?rest_route=\/wp\/v2\/pages\/235\/revisions\/1011"}],"wp:attachment":[{"href":"https:\/\/aline.pointet.net\/index.php?rest_route=%2Fwp%2Fv2%2Fmedia&parent=235"}],"curies":[{"name":"wp","href":"https:\/\/api.w.org\/{rel}","templated":true}]}}