{"id":408,"date":"2017-10-25T07:51:08","date_gmt":"2017-10-25T07:51:08","guid":{"rendered":"http:\/\/aline.pointet.net\/?page_id=408"},"modified":"2024-02-19T11:56:43","modified_gmt":"2024-02-19T11:56:43","slug":"mes-valeurs","status":"publish","type":"page","link":"https:\/\/aline.pointet.net\/?page_id=408","title":{"rendered":"Mes valeurs"},"content":{"rendered":"<h3><img loading=\"lazy\" decoding=\"async\" class=\"alignnone size-medium wp-image-817\" src=\"https:\/\/aline.pointet.net\/wp-content\/uploads\/2024\/02\/IMG_20240216_091938158-2-300x225.jpg\" alt=\"\" width=\"300\" height=\"225\" srcset=\"https:\/\/aline.pointet.net\/wp-content\/uploads\/2024\/02\/IMG_20240216_091938158-2-300x225.jpg 300w, https:\/\/aline.pointet.net\/wp-content\/uploads\/2024\/02\/IMG_20240216_091938158-2-1024x768.jpg 1024w, https:\/\/aline.pointet.net\/wp-content\/uploads\/2024\/02\/IMG_20240216_091938158-2-768x576.jpg 768w, https:\/\/aline.pointet.net\/wp-content\/uploads\/2024\/02\/IMG_20240216_091938158-2-1536x1152.jpg 1536w, https:\/\/aline.pointet.net\/wp-content\/uploads\/2024\/02\/IMG_20240216_091938158-2-2048x1536.jpg 2048w\" sizes=\"(max-width: 300px) 100vw, 300px\" \/><\/h3>\n<h3>Les valeurs qui encadrent mes activit\u00e9s th\u00e9rapeutiques:<\/h3>\n<ul>\n<li>\n<h4>respecter la confidentialit\u00e9;<\/h4>\n<\/li>\n<li>\n<h4>veiller \u00e0 cr\u00e9er un climat sain et de confiance;<\/h4>\n<h4>Il est important pour moi que la personne qui vient pour un soin\/une activit\u00e9 se sente \u00e0 l&#8217;aise et dans une relation horizontale avec moi.<\/h4>\n<\/li>\n<li>\n<h4>\u00eatre authentique;<br \/>\nJe veille \u00e0 \u00eatre authentique sur mon propre chemin de gu\u00e9rison et \u00e0 ne pas pr\u00e9tendre ce que je ne suis pas.<\/h4>\n<\/li>\n<li>\n<h4>masser avec amour, douceur et discr\u00e9tion;<\/h4>\n<h4>Chaque massage doit \u00eatre un moment unique et empreint de profondeur et de beaut\u00e9. Afin de respecter l&#8217;intimit\u00e9 de chacun, chaque partie du corps non-mass\u00e9e est cach\u00e9e sous un grand drap.<\/h4>\n<\/li>\n<li>\n<h4>\u00eatre \u00e0 l&#8217;\u00e9coute des besoins de la personne;<\/h4>\n<h4>Cela signifie adapter la pression pendant le massage, respecter une partie qui ne veut pas \u00eatre mass\u00e9e, etc.<\/h4>\n<\/li>\n<li>\n<h4>accompagner la personne;<\/h4>\n<h4>Cela signifie que je consid\u00e8re toute personne comme responsable et cr\u00e9atrice de sa vie. Je ne peux donc l&#8217;accompagner que vers un mieux-\u00eatre et aider \u00e0 la gu\u00e9rison ( et non &#8220;gu\u00e9rir&#8221; la personne).<\/h4>\n<\/li>\n<li>\n<h4>respecter la personne dans ce qu&#8217;elle vit, avec ses limites et blocages;<\/h4>\n<h4>Chaque personne a son propre rythme et histoire.<\/h4>\n<\/li>\n<li>\n<h4>inscrire mon travail dans une d\u00e9marche spirituelle.<\/h4>\n<\/li>\n<\/ul>\n","protected":false},"excerpt":{"rendered":"<p>Les valeurs qui encadrent mes activit\u00e9s th\u00e9rapeutiques: respecter la confidentialit\u00e9; veiller \u00e0 cr\u00e9er un climat sain et de confiance; Il est important pour moi que la personne qui vient pour un soin\/une activit\u00e9 se sente \u00e0 l&#8217;aise et dans une relation horizontale avec moi. \u00eatre authentique; Je veille \u00e0 \u00eatre authentique sur mon propre chemin&hellip; <a href=\"https:\/\/aline.pointet.net\/?page_id=408\" class=\"more-link\">Lire la suite <span class=\"screen-reader-text\">Mes valeurs<\/span><\/a><\/p>\n","protected":false},"author":1,"featured_media":0,"parent":0,"menu_order":0,"comment_status":"closed","ping_status":"closed","template":"","meta":{"footnotes":""},"_links":{"self":[{"href":"https:\/\/aline.pointet.net\/index.php?rest_route=\/wp\/v2\/pages\/408"}],"collection":[{"href":"https:\/\/aline.pointet.net\/index.php?rest_route=\/wp\/v2\/pages"}],"about":[{"href":"https:\/\/aline.pointet.net\/index.php?rest_route=\/wp\/v2\/types\/page"}],"author":[{"embeddable":true,"href":"https:\/\/aline.pointet.net\/index.php?rest_route=\/wp\/v2\/users\/1"}],"replies":[{"embeddable":true,"href":"https:\/\/aline.pointet.net\/index.php?rest_route=%2Fwp%2Fv2%2Fcomments&post=408"}],"version-history":[{"count":6,"href":"https:\/\/aline.pointet.net\/index.php?rest_route=\/wp\/v2\/pages\/408\/revisions"}],"predecessor-version":[{"id":898,"href":"https:\/\/aline.pointet.net\/index.php?rest_route=\/wp\/v2\/pages\/408\/revisions\/898"}],"wp:attachment":[{"href":"https:\/\/aline.pointet.net\/index.php?rest_route=%2Fwp%2Fv2%2Fmedia&parent=408"}],"curies":[{"name":"wp","href":"https:\/\/api.w.org\/{rel}","templated":true}]}}